{"id":119,"date":"2023-11-22T17:44:11","date_gmt":"2023-11-22T16:44:11","guid":{"rendered":"http:\/\/172.16.0.150\/?page_id=2"},"modified":"2024-02-05T15:31:49","modified_gmt":"2024-02-05T14:31:49","slug":"articoli","status":"publish","type":"page","link":"https:\/\/www.infonews.notartel.it\/index.php\/articoli\/","title":{"rendered":"ARTICOLI"},"content":{"rendered":"<div class=\"post-content\">\n<div class=\"wp-block-query is-layout-flow wp-block-query-is-layout-flow\"><ul class=\"columns-1 p-0 wp-block-post-template is-layout-grid wp-container-core-post-template-is-layout-2 wp-block-post-template-is-layout-grid\"><li class=\"wp-block-post post-6302 post type-post status-publish format-standard has-post-thumbnail hentry category-editoriale tag-newsletter-infonews-del-01-12-2025-n-3\">\n\n<div class=\"wp-block-group p-0\" style=\"padding-top:30px;padding-right:30px;padding-bottom:30px;padding-left:30px\"><div class=\"wp-block-group__inner-container is-layout-flow wp-block-group-is-layout-flow\"><h2 style=\"font-size:19px;font-style:normal;font-weight:700;\" class=\"pl-0 text-uppercase wp-block-post-title\"><a href=\"https:\/\/www.infonews.notartel.it\/index.php\/2025\/12\/17\/intelligenza-artificiale-personalita-della-prestazione-e-responsabilita-professionale\/\" target=\"_self\" >Intelligenza artificiale, personalit\u00e0 della prestazione e responsabilit\u00e0 professionale<\/a><\/h2>\n\n<div class=\"has-link-color wp-elements-75bbf60edb320269f47b88423ebabf38 wp-block-post-excerpt has-text-color has-black-color\"><p class=\"wp-block-post-excerpt__excerpt\">Se l&#8217;indagine sulla volont\u00e0 delle parti non pu\u00f2 essere delegata \u00e8 possibile affidare l&#8217;attivit\u00e0 di adeguamento e la redazione dell&#8217;atto notarile ad un sistema di intelligenza artificiale e se s\u00ec con quali limiti? <\/p><\/div>\n\n<a class=\"wp-elements-f66df5719d4fc36b89b730ee381be86e wp-block-read-more has-text-color has-black-color\" href=\"https:\/\/www.infonews.notartel.it\/index.php\/2025\/12\/17\/intelligenza-artificiale-personalita-della-prestazione-e-responsabilita-professionale\/\" target=\"_blank\">Leggi tutto<span class=\"screen-reader-text\">: Intelligenza artificiale, personalit\u00e0 della prestazione e responsabilit\u00e0 professionale<\/span><\/a><\/div><\/div>\n\n<\/li><li class=\"wp-block-post post-6240 post type-post status-publish format-standard has-post-thumbnail hentry category-editoriale tag-newsletter-infonews-del-01-09-2025-n-2\">\n\n<div class=\"wp-block-group p-0\" style=\"padding-top:30px;padding-right:30px;padding-bottom:30px;padding-left:30px\"><div class=\"wp-block-group__inner-container is-layout-flow wp-block-group-is-layout-flow\"><h2 style=\"font-size:19px;font-style:normal;font-weight:700;\" class=\"pl-0 text-uppercase wp-block-post-title\"><a href=\"https:\/\/www.infonews.notartel.it\/index.php\/2025\/09\/03\/il-notaio-la-funzione-pubblica-e-le-sfide-imminenti-antiriciclaggio-e-intelligenza-artificiale\/\" target=\"_self\" >Il Notaio, la funzione pubblica e le sfide imminenti: antiriciclaggio e intelligenza artificiale<\/a><\/h2>\n\n<div class=\"has-link-color wp-elements-75bbf60edb320269f47b88423ebabf38 wp-block-post-excerpt has-text-color has-black-color\"><p class=\"wp-block-post-excerpt__excerpt\">Rafforzare la pubblica funzione del notaio e il suo ruolo di garanzia come istituzione dello Stato, per affrontare in dialogo con la categoria le principali sfide di questi anni. <\/p><\/div>\n\n<a class=\"wp-elements-f66df5719d4fc36b89b730ee381be86e wp-block-read-more has-text-color has-black-color\" href=\"https:\/\/www.infonews.notartel.it\/index.php\/2025\/09\/03\/il-notaio-la-funzione-pubblica-e-le-sfide-imminenti-antiriciclaggio-e-intelligenza-artificiale\/\" target=\"_blank\">Leggi tutto<span class=\"screen-reader-text\">: Il Notaio, la funzione pubblica e le sfide imminenti: antiriciclaggio e intelligenza artificiale<\/span><\/a><\/div><\/div>\n\n<\/li><li class=\"wp-block-post post-6162 post type-post status-publish format-standard has-post-thumbnail hentry category-editoriale tag-newsletter-infonews-del-31-03-2025-n-1\">\n\n<div class=\"wp-block-group p-0\" style=\"padding-top:30px;padding-right:30px;padding-bottom:30px;padding-left:30px\"><div class=\"wp-block-group__inner-container is-layout-flow wp-block-group-is-layout-flow\"><h2 style=\"font-size:19px;font-style:normal;font-weight:700;\" class=\"pl-0 text-uppercase wp-block-post-title\"><a href=\"https:\/\/www.infonews.notartel.it\/index.php\/2025\/03\/13\/trasformazione-digitale-e-notariato\/\" target=\"_self\" >Trasformazione digitale e Notariato<\/a><\/h2>\n\n<div class=\"has-link-color wp-elements-75bbf60edb320269f47b88423ebabf38 wp-block-post-excerpt has-text-color has-black-color\"><p class=\"wp-block-post-excerpt__excerpt\">Per garantire alla professione notarile di rimanere al passo in un panorama tecnologico in continua evoluzione,\u00a0occorre coniugare progresso tecnologico e tutela dei valori fondamentali. <\/p><\/div>\n\n<a class=\"wp-elements-f66df5719d4fc36b89b730ee381be86e wp-block-read-more has-text-color has-black-color\" href=\"https:\/\/www.infonews.notartel.it\/index.php\/2025\/03\/13\/trasformazione-digitale-e-notariato\/\" target=\"_blank\">Leggi tutto<span class=\"screen-reader-text\">: Trasformazione digitale e Notariato<\/span><\/a><\/div><\/div>\n\n<\/li><li class=\"wp-block-post post-6098 post type-post status-publish format-standard has-post-thumbnail hentry category-editoriale tag-newsletter-infonews-del-30-09-2024-n-3\">\n\n<div class=\"wp-block-group p-0\" style=\"padding-top:30px;padding-right:30px;padding-bottom:30px;padding-left:30px\"><div class=\"wp-block-group__inner-container is-layout-flow wp-block-group-is-layout-flow\"><h2 style=\"font-size:19px;font-style:normal;font-weight:700;\" class=\"pl-0 text-uppercase wp-block-post-title\"><a href=\"https:\/\/www.infonews.notartel.it\/index.php\/2024\/10\/18\/lintelligenza-artificiale-tra-sviluppo-tecnologico-e-regolamentazione-una-prima-lettura-dellai-act\/\" target=\"_self\" >L&#8217;intelligenza artificiale tra sviluppo tecnologico e regolamentazione: una prima lettura dell&#8217;AI ACT<\/a><\/h2>\n\n<div class=\"has-link-color wp-elements-75bbf60edb320269f47b88423ebabf38 wp-block-post-excerpt has-text-color has-black-color\"><p class=\"wp-block-post-excerpt__excerpt\">I principi sanciti nel provvedimento europeo sull&#8217;IA rispondono ad un approccio etico e &#8220;umano-centrico&#8221;: con la buona regolamentazione si promuove la libert\u00e0 nel rispetto dei diritti fondamentali. <\/p><\/div>\n\n<a class=\"wp-elements-f66df5719d4fc36b89b730ee381be86e wp-block-read-more has-text-color has-black-color\" href=\"https:\/\/www.infonews.notartel.it\/index.php\/2024\/10\/18\/lintelligenza-artificiale-tra-sviluppo-tecnologico-e-regolamentazione-una-prima-lettura-dellai-act\/\" target=\"_blank\">Leggi tutto<span class=\"screen-reader-text\">: L&#8217;intelligenza artificiale tra sviluppo tecnologico e regolamentazione: una prima lettura dell&#8217;AI ACT<\/span><\/a><\/div><\/div>\n\n<\/li><li class=\"wp-block-post post-6047 post type-post status-publish format-standard has-post-thumbnail hentry category-editoriale tag-newsletter-infonews-del-30-06-2024-n-2\">\n\n<div class=\"wp-block-group p-0\" style=\"padding-top:30px;padding-right:30px;padding-bottom:30px;padding-left:30px\"><div class=\"wp-block-group__inner-container is-layout-flow wp-block-group-is-layout-flow\"><h2 style=\"font-size:19px;font-style:normal;font-weight:700;\" class=\"pl-0 text-uppercase wp-block-post-title\"><a href=\"https:\/\/www.infonews.notartel.it\/index.php\/2024\/08\/06\/la-strategia-ue-per-leguaglianza-un-ruolo-per-il-notariato\/\" target=\"_self\" >La Strategia UE per l\u2019uguaglianza: un ruolo per il Notariato<\/a><\/h2>\n\n<div class=\"has-link-color wp-elements-75bbf60edb320269f47b88423ebabf38 wp-block-post-excerpt has-text-color has-black-color\"><p class=\"wp-block-post-excerpt__excerpt\">Verso il prossimo G7 2024, il Notariato si muove per rendere vere, vive ed effettive le uguaglianze trasformandole in effettiva capacit\u00e0 di esercitare le libert\u00e0. <\/p><\/div>\n\n<a class=\"wp-elements-f66df5719d4fc36b89b730ee381be86e wp-block-read-more has-text-color has-black-color\" href=\"https:\/\/www.infonews.notartel.it\/index.php\/2024\/08\/06\/la-strategia-ue-per-leguaglianza-un-ruolo-per-il-notariato\/\" target=\"_blank\">Leggi tutto<span class=\"screen-reader-text\">: La Strategia UE per l\u2019uguaglianza: un ruolo per il Notariato<\/span><\/a><\/div><\/div>\n\n<\/li><li class=\"wp-block-post post-6306 post type-post status-publish format-standard hentry category-3-domande-a tag-newsletter-infonews-del-01-12-2025-n-3\">\n\n<div class=\"wp-block-group p-0\" style=\"padding-top:30px;padding-right:30px;padding-bottom:30px;padding-left:30px\"><div class=\"wp-block-group__inner-container is-layout-flow wp-block-group-is-layout-flow\"><h2 style=\"font-size:19px;font-style:normal;font-weight:700;\" class=\"pl-0 text-uppercase wp-block-post-title\"><a href=\"https:\/\/www.infonews.notartel.it\/index.php\/2025\/12\/17\/rosaria-bono\/\" target=\"_self\" >Rosaria Bono<\/a><\/h2>\n\n<div class=\"has-link-color wp-elements-75bbf60edb320269f47b88423ebabf38 wp-block-post-excerpt has-text-color has-black-color\"><p class=\"wp-block-post-excerpt__excerpt\">In questo numero risponde alle nostre domande Rosaria Bono, Presidente della Fondazione Italiana del Notariato. <\/p><\/div>\n\n<a class=\"wp-elements-f66df5719d4fc36b89b730ee381be86e wp-block-read-more has-text-color has-black-color\" href=\"https:\/\/www.infonews.notartel.it\/index.php\/2025\/12\/17\/rosaria-bono\/\" target=\"_blank\">Leggi tutto<span class=\"screen-reader-text\">: Rosaria Bono<\/span><\/a><\/div><\/div>\n\n<\/li><\/ul><\/div>\n<\/div>","protected":false},"excerpt":{"rendered":"","protected":false},"author":1,"featured_media":0,"parent":0,"menu_order":0,"comment_status":"closed","ping_status":"closed","template":"","meta":{"_acf_changed":false,"_editorskit_title_hidden":false,"_editorskit_reading_time":0,"_editorskit_is_block_options_detached":false,"_editorskit_block_options_position":"{}","footnotes":""},"class_list":["post-119","page","type-page","status-publish","hentry"],"acf":[],"aioseo_notices":[],"_links":{"self":[{"href":"https:\/\/www.infonews.notartel.it\/index.php\/wp-json\/wp\/v2\/pages\/119"}],"collection":[{"href":"https:\/\/www.infonews.notartel.it\/index.php\/wp-json\/wp\/v2\/pages"}],"about":[{"href":"https:\/\/www.infonews.notartel.it\/index.php\/wp-json\/wp\/v2\/types\/page"}],"author":[{"embeddable":true,"href":"https:\/\/www.infonews.notartel.it\/index.php\/wp-json\/wp\/v2\/users\/1"}],"replies":[{"embeddable":true,"href":"https:\/\/www.infonews.notartel.it\/index.php\/wp-json\/wp\/v2\/comments?post=119"}],"version-history":[{"count":1,"href":"https:\/\/www.infonews.notartel.it\/index.php\/wp-json\/wp\/v2\/pages\/119\/revisions"}],"predecessor-version":[{"id":6294,"href":"https:\/\/www.infonews.notartel.it\/index.php\/wp-json\/wp\/v2\/pages\/119\/revisions\/6294"}],"wp:attachment":[{"href":"https:\/\/www.infonews.notartel.it\/index.php\/wp-json\/wp\/v2\/media?parent=119"}],"curies":[{"name":"wp","href":"https:\/\/api.w.org\/{rel}","templated":true}]}}